{"id":1243,"date":"2020-12-15T12:21:21","date_gmt":"2020-12-15T15:21:21","guid":{"rendered":"https:\/\/pousadadompedro.com.br\/pousada\/?page_id=1243"},"modified":"2020-12-15T12:21:21","modified_gmt":"2020-12-15T15:21:21","slug":"piscina-e-lazer","status":"publish","type":"page","link":"https:\/\/pousadadompedro.com.br\/pousada\/piscina-e-lazer\/","title":{"rendered":"Piscina e Lazer"},"content":{"rendered":"<p>Desfrute dias incr\u00edveis no Centro Hist\u00f3rico de Petr\u00f3polis\u00a0 na Pousada Princesa Isabel Dom Pedro<\/p>\n","protected":false},"excerpt":{"rendered":"<p>Desfrute dias incr\u00edveis no Centro Hist\u00f3rico de Petr\u00f3polis\u00a0 na Pousada Princesa Isabel Dom Pedro<\/p>\n","protected":false},"author":1,"featured_media":0,"parent":0,"menu_order":0,"comment_status":"closed","ping_status":"closed","template":"","meta":{"footnotes":"","_links_to":"","_links_to_target":""},"class_list":["post-1243","page","type-page","status-publish","hentry"],"_links":{"self":[{"href":"https:\/\/pousadadompedro.com.br\/pousada\/wp-json\/wp\/v2\/pages\/1243","targetHints":{"allow":["GET"]}}],"collection":[{"href":"https:\/\/pousadadompedro.com.br\/pousada\/wp-json\/wp\/v2\/pages"}],"about":[{"href":"https:\/\/pousadadompedro.com.br\/pousada\/wp-json\/wp\/v2\/types\/page"}],"author":[{"embeddable":true,"href":"https:\/\/pousadadompedro.com.br\/pousada\/wp-json\/wp\/v2\/users\/1"}],"replies":[{"embeddable":true,"href":"https:\/\/pousadadompedro.com.br\/pousada\/wp-json\/wp\/v2\/comments?post=1243"}],"version-history":[{"count":1,"href":"https:\/\/pousadadompedro.com.br\/pousada\/wp-json\/wp\/v2\/pages\/1243\/revisions"}],"predecessor-version":[{"id":1245,"href":"https:\/\/pousadadompedro.com.br\/pousada\/wp-json\/wp\/v2\/pages\/1243\/revisions\/1245"}],"wp:attachment":[{"href":"https:\/\/pousadadompedro.com.br\/pousada\/wp-json\/wp\/v2\/media?parent=1243"}],"curies":[{"name":"wp","href":"https:\/\/api.w.org\/{rel}","templated":true}]}}