{"id":1475,"date":"2021-08-05T14:27:33","date_gmt":"2021-08-05T17:27:33","guid":{"rendered":"https:\/\/pousadadompedro.com.br\/pousada\/?page_id=1475"},"modified":"2021-08-05T16:03:18","modified_gmt":"2021-08-05T19:03:18","slug":"decoracao-especial","status":"publish","type":"page","link":"https:\/\/pousadadompedro.com.br\/pousada\/decoracao-especial\/","title":{"rendered":"Decora\u00e7\u00e3o Especial"},"content":{"rendered":"<h2>Surpreenda quem voc\u00ea ama!<\/h2>\n<p>Hospede-se e contrate decora\u00e7\u00e3o especial da Pousada Princesa Isabel Dom Pedro!<br \/>\nAl\u00e9m da Hospedagem voc\u00ea pode contratar decora\u00e7\u00e3o especial, perfeita para anivers\u00e1rio, bodas, lua de mel e outras comemora\u00e7\u00f5es especiais que podem ser celebradas em alto estilo em nossa pousada.<\/p>\n<p><b><a href=\"https:\/\/web.whatsapp.com\/send?phone=5524988179256\" target=\"_blank\" rel=\"noopener\">Clique aqui e consulte<\/a> os pre\u00e7os para contratar sua hospedagem com decora\u00e7\u00e3o especial e exclusiva!<\/b><\/p>\n<div class=\"su-image-carousel  su-image-carousel-has-spacing su-image-carousel-crop su-image-carousel-crop-4-3 su-image-carousel-has-lightbox su-image-carousel-has-outline su-image-carousel-adaptive su-image-carousel-slides-style-default su-image-carousel-controls-style-dark su-image-carousel-align-none\" style=\"\" data-flickity-options='{\"groupCells\":true,\"cellSelector\":\".su-image-carousel-item\",\"adaptiveHeight\":false,\"cellAlign\":\"left\",\"prevNextButtons\":true,\"pageDots\":true,\"autoPlay\":5000,\"imagesLoaded\":true,\"contain\":true,\"selectedAttraction\":0.025000000000000001387778780781445675529539585113525390625,\"friction\":0.2800000000000000266453525910037569701671600341796875}' id=\"su_image_carousel_6a04a45811fdb\"><div class=\"su-image-carousel-item\"><div class=\"su-image-carousel-item-content\"><a href=\"https:\/\/pousadadompedro.com.br\/pousada\/wp-content\/uploads\/2021\/08\/01.jpg\" target=\"_blank\" rel=\"noopener noreferrer\" data-caption=\"Decora\u00e7\u00e3o Especial\" data-rel=\"lightbox-image-0\" data-rl_title=\"\" data-rl_caption=\"\" title=\"\"><img loading=\"lazy\" decoding=\"async\" width=\"768\" height=\"1024\" src=\"https:\/\/pousadadompedro.com.br\/pousada\/wp-content\/uploads\/2021\/08\/01.jpg\" class=\"\" alt=\"Decora\u00e7\u00e3o Especial\" srcset=\"https:\/\/pousadadompedro.com.br\/pousada\/wp-content\/uploads\/2021\/08\/01.jpg 768w, https:\/\/pousadadompedro.com.br\/pousada\/wp-content\/uploads\/2021\/08\/01-225x300.jpg 225w\" sizes=\"auto, (max-width: 768px) 100vw, 768px\" \/><\/a><\/div><\/div><div class=\"su-image-carousel-item\"><div class=\"su-image-carousel-item-content\"><a href=\"https:\/\/pousadadompedro.com.br\/pousada\/wp-content\/uploads\/2021\/08\/02.jpg\" target=\"_blank\" rel=\"noopener noreferrer\" data-caption=\"Decora\u00e7\u00e3o Especial\" data-rel=\"lightbox-image-1\" data-rl_title=\"\" data-rl_caption=\"\" title=\"\"><img loading=\"lazy\" decoding=\"async\" width=\"1024\" height=\"768\" src=\"https:\/\/pousadadompedro.com.br\/pousada\/wp-content\/uploads\/2021\/08\/02.jpg\" class=\"\" alt=\"Decora\u00e7\u00e3o Especial\" srcset=\"https:\/\/pousadadompedro.com.br\/pousada\/wp-content\/uploads\/2021\/08\/02.jpg 1024w, https:\/\/pousadadompedro.com.br\/pousada\/wp-content\/uploads\/2021\/08\/02-300x225.jpg 300w, https:\/\/pousadadompedro.com.br\/pousada\/wp-content\/uploads\/2021\/08\/02-768x576.jpg 768w\" sizes=\"auto, (max-width: 1024px) 100vw, 1024px\" \/><\/a><\/div><\/div><div class=\"su-image-carousel-item\"><div class=\"su-image-carousel-item-content\"><a href=\"https:\/\/pousadadompedro.com.br\/pousada\/wp-content\/uploads\/2021\/08\/04.jpg\" target=\"_blank\" rel=\"noopener noreferrer\" data-caption=\"Decora\u00e7\u00e3o Especial\" data-rel=\"lightbox-image-2\" data-rl_title=\"\" data-rl_caption=\"\" title=\"\"><img loading=\"lazy\" decoding=\"async\" width=\"1024\" height=\"768\" src=\"https:\/\/pousadadompedro.com.br\/pousada\/wp-content\/uploads\/2021\/08\/04.jpg\" class=\"\" alt=\"Decora\u00e7\u00e3o Especial\" srcset=\"https:\/\/pousadadompedro.com.br\/pousada\/wp-content\/uploads\/2021\/08\/04.jpg 1024w, https:\/\/pousadadompedro.com.br\/pousada\/wp-content\/uploads\/2021\/08\/04-300x225.jpg 300w, https:\/\/pousadadompedro.com.br\/pousada\/wp-content\/uploads\/2021\/08\/04-768x576.jpg 768w\" sizes=\"auto, (max-width: 1024px) 100vw, 1024px\" \/><\/a><\/div><\/div><div class=\"su-image-carousel-item\"><div class=\"su-image-carousel-item-content\"><a href=\"https:\/\/pousadadompedro.com.br\/pousada\/wp-content\/uploads\/2021\/08\/04b.jpg\" target=\"_blank\" rel=\"noopener noreferrer\" data-caption=\"Decora\u00e7\u00e3o Especial\" data-rel=\"lightbox-image-3\" data-rl_title=\"\" data-rl_caption=\"\" title=\"\"><img loading=\"lazy\" decoding=\"async\" width=\"576\" height=\"1024\" src=\"https:\/\/pousadadompedro.com.br\/pousada\/wp-content\/uploads\/2021\/08\/04b.jpg\" class=\"\" alt=\"Decora\u00e7\u00e3o Especial\" srcset=\"https:\/\/pousadadompedro.com.br\/pousada\/wp-content\/uploads\/2021\/08\/04b.jpg 576w, https:\/\/pousadadompedro.com.br\/pousada\/wp-content\/uploads\/2021\/08\/04b-169x300.jpg 169w\" sizes=\"auto, (max-width: 576px) 100vw, 576px\" \/><\/a><\/div><\/div><div class=\"su-image-carousel-item\"><div class=\"su-image-carousel-item-content\"><a href=\"https:\/\/pousadadompedro.com.br\/pousada\/wp-content\/uploads\/2021\/08\/05.jpg\" target=\"_blank\" rel=\"noopener noreferrer\" data-caption=\"Decora\u00e7\u00e3o Especial\" data-rel=\"lightbox-image-4\" data-rl_title=\"\" data-rl_caption=\"\" title=\"\"><img loading=\"lazy\" decoding=\"async\" width=\"768\" height=\"1024\" src=\"https:\/\/pousadadompedro.com.br\/pousada\/wp-content\/uploads\/2021\/08\/05.jpg\" class=\"\" alt=\"Decora\u00e7\u00e3o Especial\" srcset=\"https:\/\/pousadadompedro.com.br\/pousada\/wp-content\/uploads\/2021\/08\/05.jpg 768w, https:\/\/pousadadompedro.com.br\/pousada\/wp-content\/uploads\/2021\/08\/05-225x300.jpg 225w\" sizes=\"auto, (max-width: 768px) 100vw, 768px\" \/><\/a><\/div><\/div><div class=\"su-image-carousel-item\"><div class=\"su-image-carousel-item-content\"><a href=\"https:\/\/pousadadompedro.com.br\/pousada\/wp-content\/uploads\/2021\/08\/02a.jpg\" target=\"_blank\" rel=\"noopener noreferrer\" data-caption=\"Decora\u00e7\u00e3o Especial\" data-rel=\"lightbox-image-5\" data-rl_title=\"\" data-rl_caption=\"\" title=\"\"><img loading=\"lazy\" decoding=\"async\" width=\"1024\" height=\"768\" src=\"https:\/\/pousadadompedro.com.br\/pousada\/wp-content\/uploads\/2021\/08\/02a.jpg\" class=\"\" alt=\"Decora\u00e7\u00e3o Especial\" srcset=\"https:\/\/pousadadompedro.com.br\/pousada\/wp-content\/uploads\/2021\/08\/02a.jpg 1024w, https:\/\/pousadadompedro.com.br\/pousada\/wp-content\/uploads\/2021\/08\/02a-300x225.jpg 300w, https:\/\/pousadadompedro.com.br\/pousada\/wp-content\/uploads\/2021\/08\/02a-768x576.jpg 768w\" sizes=\"auto, (max-width: 1024px) 100vw, 1024px\" \/><\/a><\/div><\/div><div class=\"su-image-carousel-item\"><div class=\"su-image-carousel-item-content\"><a href=\"https:\/\/pousadadompedro.com.br\/pousada\/wp-content\/uploads\/2021\/08\/06.jpg\" target=\"_blank\" rel=\"noopener noreferrer\" data-caption=\"Decora\u00e7\u00e3o Especial\" data-rel=\"lightbox-image-6\" data-rl_title=\"\" data-rl_caption=\"\" title=\"\"><img loading=\"lazy\" decoding=\"async\" width=\"576\" height=\"1024\" src=\"https:\/\/pousadadompedro.com.br\/pousada\/wp-content\/uploads\/2021\/08\/06.jpg\" class=\"\" alt=\"Decora\u00e7\u00e3o Especial\" srcset=\"https:\/\/pousadadompedro.com.br\/pousada\/wp-content\/uploads\/2021\/08\/06.jpg 576w, https:\/\/pousadadompedro.com.br\/pousada\/wp-content\/uploads\/2021\/08\/06-169x300.jpg 169w\" sizes=\"auto, (max-width: 576px) 100vw, 576px\" \/><\/a><\/div><\/div><div class=\"su-image-carousel-item\"><div class=\"su-image-carousel-item-content\"><a href=\"https:\/\/pousadadompedro.com.br\/pousada\/wp-content\/uploads\/2021\/08\/02b.jpg\" target=\"_blank\" rel=\"noopener noreferrer\" data-caption=\"Decora\u00e7\u00e3o Especial\" data-rel=\"lightbox-image-7\" data-rl_title=\"\" data-rl_caption=\"\" title=\"\"><img loading=\"lazy\" decoding=\"async\" width=\"1024\" height=\"768\" src=\"https:\/\/pousadadompedro.com.br\/pousada\/wp-content\/uploads\/2021\/08\/02b.jpg\" class=\"\" alt=\"Decora\u00e7\u00e3o Especial\" srcset=\"https:\/\/pousadadompedro.com.br\/pousada\/wp-content\/uploads\/2021\/08\/02b.jpg 1024w, https:\/\/pousadadompedro.com.br\/pousada\/wp-content\/uploads\/2021\/08\/02b-300x225.jpg 300w, https:\/\/pousadadompedro.com.br\/pousada\/wp-content\/uploads\/2021\/08\/02b-768x576.jpg 768w\" sizes=\"auto, (max-width: 1024px) 100vw, 1024px\" \/><\/a><\/div><\/div><\/div><script id=\"su_image_carousel_6a04a45811fdb_script\">if(window.SUImageCarousel){setTimeout(function() {window.SUImageCarousel.initGallery(document.getElementById(\"su_image_carousel_6a04a45811fdb\"))}, 0);}var su_image_carousel_6a04a45811fdb_script=document.getElementById(\"su_image_carousel_6a04a45811fdb_script\");if(su_image_carousel_6a04a45811fdb_script){su_image_carousel_6a04a45811fdb_script.parentNode.removeChild(su_image_carousel_6a04a45811fdb_script);}<\/script>\n<a href=\"https:\/\/web.whatsapp.com\/send?phone=5524988179256\" class=\"su-button su-button-style-default\" style=\"color:#FFFFFF;background-color:#0e7e3c;border-color:#0c6530;border-radius:5px\" target=\"_blank\" rel=\"noopener noreferrer\"><span style=\"color:#FFFFFF;padding:6px 16px;font-size:13px;line-height:20px;border-color:#57a577;border-radius:5px;text-shadow:none\"><i class=\"sui sui-whatsapp\" style=\"font-size:13px;color:#FFFFFF\"><\/i> SAIBA MAIS<\/span><\/a>\n<p>&nbsp;<\/p>\n","protected":false},"excerpt":{"rendered":"<p>Surpreenda quem voc\u00ea ama! Hospede-se e contrate decora\u00e7\u00e3o especial da Pousada Princesa Isabel Dom Pedro! Al\u00e9m da Hospedagem voc\u00ea pode contratar decora\u00e7\u00e3o especial, perfeita para anivers\u00e1rio, bodas, lua de mel e outras comemora\u00e7\u00f5es especiais que podem ser celebradas em alto estilo em nossa pousada. Clique aqui e consulte os pre\u00e7os para contratar sua hospedagem com decora\u00e7\u00e3o especial e exclusiva! &nbsp;<\/p>\n","protected":false},"author":1,"featured_media":0,"parent":0,"menu_order":0,"comment_status":"closed","ping_status":"closed","template":"","meta":{"footnotes":"","_links_to":"","_links_to_target":""},"class_list":["post-1475","page","type-page","status-publish","hentry"],"_links":{"self":[{"href":"https:\/\/pousadadompedro.com.br\/pousada\/wp-json\/wp\/v2\/pages\/1475","targetHints":{"allow":["GET"]}}],"collection":[{"href":"https:\/\/pousadadompedro.com.br\/pousada\/wp-json\/wp\/v2\/pages"}],"about":[{"href":"https:\/\/pousadadompedro.com.br\/pousada\/wp-json\/wp\/v2\/types\/page"}],"author":[{"embeddable":true,"href":"https:\/\/pousadadompedro.com.br\/pousada\/wp-json\/wp\/v2\/users\/1"}],"replies":[{"embeddable":true,"href":"https:\/\/pousadadompedro.com.br\/pousada\/wp-json\/wp\/v2\/comments?post=1475"}],"version-history":[{"count":14,"href":"https:\/\/pousadadompedro.com.br\/pousada\/wp-json\/wp\/v2\/pages\/1475\/revisions"}],"predecessor-version":[{"id":1567,"href":"https:\/\/pousadadompedro.com.br\/pousada\/wp-json\/wp\/v2\/pages\/1475\/revisions\/1567"}],"wp:attachment":[{"href":"https:\/\/pousadadompedro.com.br\/pousada\/wp-json\/wp\/v2\/media?parent=1475"}],"curies":[{"name":"wp","href":"https:\/\/api.w.org\/{rel}","templated":true}]}}