{"id":48,"date":"2012-01-16T02:39:24","date_gmt":"2012-01-16T02:39:24","guid":{"rendered":"https:\/\/pousadadompedro.com.br\/pousada\/?page_id=48"},"modified":"2020-12-16T12:19:33","modified_gmt":"2020-12-16T15:19:33","slug":"localizacao","status":"publish","type":"page","link":"https:\/\/pousadadompedro.com.br\/pousada\/a-pousada\/localizacao\/","title":{"rendered":"Localiza\u00e7\u00e3o"},"content":{"rendered":"<blockquote><p><strong>Avenida D. Pedro I, n\u00ba 152 &#8211; Centro &#8211; Petr\u00f3polis &#8211; RJ &#8211; Brazil<\/strong><br \/>\n<strong>Contatos<\/strong>: 55 \u00a0(24) \u00a02242.0049 \u00a0|\u00a02231.7169 \u00a0| \u00a0(24) 8817.9256 ( celular)<\/p><\/blockquote>\n<p>Confira\u00a0nas\u00a0abas abaixo <strong>Mapa<\/strong> e <strong>dist\u00e2ncia a p\u00e9<\/strong> entre a\u00a0pousada e as principais atra\u00e7\u00f5es tur\u00edsticas:<br \/>\n\n<p><iframe loading=\"lazy\" style=\"border: 0;\" src=\"https:\/\/www.google.com\/maps\/embed?pb=!1m18!1m12!1m3!1d3685.8965132363414!2d-43.174719599999996!3d-22.5080656!2m3!1f0!2f0!3f0!3m2!1i1024!2i768!4f13.1!3m3!1m2!1s0x99a7ff87d9799f%3A0xded564966e62cf14!2sAv.+Dom+Pedro+I%2C+152+-+Centro%2C+Petr%C3%B3polis+-+RJ!5e0!3m2!1spt-BR!2sbr!4v1429907781491\" width=\"700\" height=\"400\" frameborder=\"0\"><\/iframe><\/p>\n<p>Confira a dist\u00e2ncia a p\u00e9 das principais atra\u00e7\u00f5es do centro hist\u00f3rico de Petr\u00f3polis da Pousada Princesa Isabel &#8211; Dom Pedro:<\/p>\n<div class=\"su-table su-table-alternate\">\n<table>\n<tbody>\n<tr>\n<td width=\"66%\"><strong>Atra\u00e7\u00f5es tur\u00edsticas em Petr\u00f3polis <\/strong><\/td>\n<td><strong>Dist\u00e2ncia a p\u00e9 da atra\u00e7\u00e3o<\/strong><\/td>\n<\/tr>\n<tr>\n<td>Museu Imperial<\/td>\n<td>Apenas 1 minuto<\/td>\n<\/tr>\n<tr>\n<td>Catedral S\u00e3o Pedro de Alc\u00e2ntara<\/td>\n<td>12 minutos<\/td>\n<\/tr>\n<tr>\n<td>Pra\u00e7a da Liberdade &#8211; Rel\u00f3gio das flores<\/td>\n<td>16 minutos<\/td>\n<\/tr>\n<tr>\n<td>Avenida K\u00f6eller<\/td>\n<td>14 minutos<\/td>\n<\/tr>\n<tr>\n<td>Casa de Santos Dumont &#8211; Rua do Encanto, 22<\/td>\n<td>15 minutos<\/td>\n<\/tr>\n<tr>\n<td>Pal\u00e1cio de Cristal<\/td>\n<td>18 minutos<\/td>\n<\/tr>\n<tr>\n<td>Cervejaria Bohemia<\/td>\n<td>21 minutos<\/td>\n<\/tr>\n<tr>\n<td>Rua Teresa &#8211; Serra Shopping<\/td>\n<td>23 minutos<\/td>\n<\/tr>\n<\/tbody>\n<\/table>\n<\/div>\n<h2>Pousada Princesa Isabel &#8211; Dom Pedro<\/h2>\n<p style=\"text-align: justify;\">A <strong>Pousada Hotel Princesa \u00a0Isabel &#8211; Dom Pedro &#8211;\u00a0<\/strong>est\u00e1 localizada em Petr\u00f3polis, a poucos minutos das principais atra\u00e7\u00f5es tur\u00edsticas, em um dos mais tradicionais endere\u00e7os do Centro Hist\u00f3rico de Petr\u00f3polis: \u00e0 Avenida Dom Pedro I, numero 152 &#8211; Centro &#8211; Petr\u00f3polis &#8211; RJ.<\/p>\n<p style=\"text-align: justify;\">Nossas di\u00e1rias incluem apartamentos diferenciados, com frigobar, Tv de Led, al\u00e9m internet acesso wi-fi gratuito e dispon\u00edvel em toda a pousada, estacionamento privativo com manobrista para seu conforto, disponibilizando ainda aos nossos h\u00f3spedes piscina e delicioso caf\u00e9 da manh\u00e3 com produtos regionais, inclu\u00eddo na di\u00e1ria, servido pela manh\u00e3 no amplo restaurante da pousada.<\/p>\n<p>Conhe\u00e7a tamb\u00e9m em Petr\u00f3polis a\u00a0<a href=\"https:\/\/pousadaprincesaisabel.com.br\/pousada\/\" target=\"_blank\" rel=\"noopener\"><strong>Pousada Princesa Isabel &#8211; Visconde<\/strong> <\/a>e a <strong><a href=\"https:\/\/pousadaprincesaisabel.com.br\/ruateresa\/\" target=\"_blank\" rel=\"noopener\">Pousada Princesa Isabel &#8211; Rua Teresa<\/a><\/strong><\/p>\n<div class=\"su-image-carousel  su-image-carousel-has-spacing su-image-carousel-crop su-image-carousel-crop-4-3 su-image-carousel-has-lightbox su-image-carousel-has-outline su-image-carousel-adaptive su-image-carousel-slides-style-default su-image-carousel-controls-style-dark su-image-carousel-align-center\" style=\"\" data-flickity-options='{\"groupCells\":true,\"cellSelector\":\".su-image-carousel-item\",\"adaptiveHeight\":false,\"cellAlign\":\"left\",\"prevNextButtons\":true,\"pageDots\":true,\"autoPlay\":3000,\"imagesLoaded\":true,\"contain\":true,\"selectedAttraction\":0.025000000000000001387778780781445675529539585113525390625,\"friction\":0.2800000000000000266453525910037569701671600341796875}' id=\"su_image_carousel_6a04a421b4ea5\"><div class=\"su-image-carousel-item\"><div class=\"su-image-carousel-item-content\"><a href=\"https:\/\/pousadadompedro.com.br\/pousada\/wp-content\/uploads\/2012\/01\/023_b.jpg\" target=\"_blank\" rel=\"noopener noreferrer\" data-caption=\"Piscina\" data-rel=\"lightbox-image-0\" data-rl_title=\"\" data-rl_caption=\"\" title=\"\"><img loading=\"lazy\" decoding=\"async\" width=\"800\" height=\"600\" src=\"https:\/\/pousadadompedro.com.br\/pousada\/wp-content\/uploads\/2012\/01\/023_b.jpg\" class=\"\" alt=\"Piscina\" srcset=\"https:\/\/pousadadompedro.com.br\/pousada\/wp-content\/uploads\/2012\/01\/023_b.jpg 800w, https:\/\/pousadadompedro.com.br\/pousada\/wp-content\/uploads\/2012\/01\/023_b-300x225.jpg 300w\" sizes=\"auto, (max-width: 800px) 100vw, 800px\" \/><\/a><\/div><\/div><div class=\"su-image-carousel-item\"><div class=\"su-image-carousel-item-content\"><a href=\"https:\/\/pousadadompedro.com.br\/pousada\/wp-content\/uploads\/2012\/01\/020_b.jpg\" target=\"_blank\" rel=\"noopener noreferrer\" data-caption=\"Piscina\" data-rel=\"lightbox-image-1\" data-rl_title=\"\" data-rl_caption=\"\" title=\"\"><img loading=\"lazy\" decoding=\"async\" width=\"800\" height=\"600\" src=\"https:\/\/pousadadompedro.com.br\/pousada\/wp-content\/uploads\/2012\/01\/020_b.jpg\" class=\"\" alt=\"Piscina\" srcset=\"https:\/\/pousadadompedro.com.br\/pousada\/wp-content\/uploads\/2012\/01\/020_b.jpg 800w, https:\/\/pousadadompedro.com.br\/pousada\/wp-content\/uploads\/2012\/01\/020_b-300x225.jpg 300w\" sizes=\"auto, (max-width: 800px) 100vw, 800px\" \/><\/a><\/div><\/div><div class=\"su-image-carousel-item\"><div class=\"su-image-carousel-item-content\"><a href=\"https:\/\/pousadadompedro.com.br\/pousada\/wp-content\/uploads\/2012\/01\/030_b.jpg\" target=\"_blank\" rel=\"noopener noreferrer\" data-caption=\"Piscina\" data-rel=\"lightbox-image-2\" data-rl_title=\"\" data-rl_caption=\"\" title=\"\"><img loading=\"lazy\" decoding=\"async\" width=\"800\" height=\"600\" src=\"https:\/\/pousadadompedro.com.br\/pousada\/wp-content\/uploads\/2012\/01\/030_b.jpg\" class=\"\" alt=\"Piscina\" srcset=\"https:\/\/pousadadompedro.com.br\/pousada\/wp-content\/uploads\/2012\/01\/030_b.jpg 800w, https:\/\/pousadadompedro.com.br\/pousada\/wp-content\/uploads\/2012\/01\/030_b-300x225.jpg 300w\" sizes=\"auto, (max-width: 800px) 100vw, 800px\" \/><\/a><\/div><\/div><div class=\"su-image-carousel-item\"><div class=\"su-image-carousel-item-content\"><a href=\"https:\/\/pousadadompedro.com.br\/pousada\/wp-content\/uploads\/2012\/01\/GOPR9163.jpg\" target=\"_blank\" rel=\"noopener noreferrer\" data-caption=\"Piscina\" data-rel=\"lightbox-image-3\" data-rl_title=\"\" data-rl_caption=\"\" title=\"\"><img loading=\"lazy\" decoding=\"async\" width=\"1024\" height=\"768\" src=\"https:\/\/pousadadompedro.com.br\/pousada\/wp-content\/uploads\/2012\/01\/GOPR9163-1024x768.jpg\" class=\"\" alt=\"Pousada Princesa Isabel Dom Pedro\" srcset=\"https:\/\/pousadadompedro.com.br\/pousada\/wp-content\/uploads\/2012\/01\/GOPR9163-1024x768.jpg 1024w, https:\/\/pousadadompedro.com.br\/pousada\/wp-content\/uploads\/2012\/01\/GOPR9163-300x225.jpg 300w, https:\/\/pousadadompedro.com.br\/pousada\/wp-content\/uploads\/2012\/01\/GOPR9163.jpg 1055w\" sizes=\"auto, (max-width: 1024px) 100vw, 1024px\" \/><\/a><\/div><\/div><div class=\"su-image-carousel-item\"><div class=\"su-image-carousel-item-content\"><a href=\"https:\/\/pousadadompedro.com.br\/pousada\/wp-content\/uploads\/2012\/01\/030.jpg\" target=\"_blank\" rel=\"noopener noreferrer\" data-caption=\"Recep\u00e7\u00e3o e sala de estar\" data-rel=\"lightbox-image-4\" data-rl_title=\"\" data-rl_caption=\"\" title=\"\"><img loading=\"lazy\" decoding=\"async\" width=\"600\" height=\"450\" src=\"https:\/\/pousadadompedro.com.br\/pousada\/wp-content\/uploads\/2012\/01\/030.jpg\" class=\"\" alt=\"Recep\u00e7\u00e3o e sala de estar\" srcset=\"https:\/\/pousadadompedro.com.br\/pousada\/wp-content\/uploads\/2012\/01\/030.jpg 600w, https:\/\/pousadadompedro.com.br\/pousada\/wp-content\/uploads\/2012\/01\/030-300x225.jpg 300w\" sizes=\"auto, (max-width: 600px) 100vw, 600px\" \/><\/a><\/div><\/div><div class=\"su-image-carousel-item\"><div class=\"su-image-carousel-item-content\"><a href=\"https:\/\/pousadadompedro.com.br\/pousada\/wp-content\/uploads\/2012\/01\/015.jpg\" target=\"_blank\" rel=\"noopener noreferrer\" data-caption=\"Sal\u00e3o com lareira\" data-rel=\"lightbox-image-5\" data-rl_title=\"\" data-rl_caption=\"\" title=\"\"><img loading=\"lazy\" decoding=\"async\" width=\"450\" height=\"600\" src=\"https:\/\/pousadadompedro.com.br\/pousada\/wp-content\/uploads\/2012\/01\/015.jpg\" class=\"\" alt=\"Sal\u00e3o com lareira\" srcset=\"https:\/\/pousadadompedro.com.br\/pousada\/wp-content\/uploads\/2012\/01\/015.jpg 450w, https:\/\/pousadadompedro.com.br\/pousada\/wp-content\/uploads\/2012\/01\/015-225x300.jpg 225w\" sizes=\"auto, (max-width: 450px) 100vw, 450px\" \/><\/a><\/div><\/div><div class=\"su-image-carousel-item\"><div class=\"su-image-carousel-item-content\"><a href=\"https:\/\/pousadadompedro.com.br\/pousada\/wp-content\/uploads\/2012\/01\/016.jpg\" target=\"_blank\" rel=\"noopener noreferrer\" data-caption=\"Sal\u00e3o com lareira\" data-rel=\"lightbox-image-6\" data-rl_title=\"\" data-rl_caption=\"\" title=\"\"><img loading=\"lazy\" decoding=\"async\" width=\"450\" height=\"600\" src=\"https:\/\/pousadadompedro.com.br\/pousada\/wp-content\/uploads\/2012\/01\/016.jpg\" class=\"\" alt=\"Sal\u00e3o com lareira\" srcset=\"https:\/\/pousadadompedro.com.br\/pousada\/wp-content\/uploads\/2012\/01\/016.jpg 450w, https:\/\/pousadadompedro.com.br\/pousada\/wp-content\/uploads\/2012\/01\/016-225x300.jpg 225w\" sizes=\"auto, (max-width: 450px) 100vw, 450px\" \/><\/a><\/div><\/div><div class=\"su-image-carousel-item\"><div class=\"su-image-carousel-item-content\"><a href=\"https:\/\/pousadadompedro.com.br\/pousada\/wp-content\/uploads\/2012\/01\/017.jpg\" target=\"_blank\" rel=\"noopener noreferrer\" data-caption=\"Sal\u00e3o com lareira\" data-rel=\"lightbox-image-7\" data-rl_title=\"\" data-rl_caption=\"\" title=\"\"><img loading=\"lazy\" decoding=\"async\" width=\"450\" height=\"600\" src=\"https:\/\/pousadadompedro.com.br\/pousada\/wp-content\/uploads\/2012\/01\/017.jpg\" class=\"\" alt=\"Sal\u00e3o com lareira\" srcset=\"https:\/\/pousadadompedro.com.br\/pousada\/wp-content\/uploads\/2012\/01\/017.jpg 450w, https:\/\/pousadadompedro.com.br\/pousada\/wp-content\/uploads\/2012\/01\/017-225x300.jpg 225w\" sizes=\"auto, (max-width: 450px) 100vw, 450px\" \/><\/a><\/div><\/div><div class=\"su-image-carousel-item\"><div class=\"su-image-carousel-item-content\"><a href=\"https:\/\/pousadadompedro.com.br\/pousada\/wp-content\/uploads\/2012\/01\/018.jpg\" target=\"_blank\" rel=\"noopener noreferrer\" data-caption=\"Sal\u00e3o com lareira\" data-rel=\"lightbox-image-8\" data-rl_title=\"\" data-rl_caption=\"\" title=\"\"><img loading=\"lazy\" decoding=\"async\" width=\"450\" height=\"600\" src=\"https:\/\/pousadadompedro.com.br\/pousada\/wp-content\/uploads\/2012\/01\/018.jpg\" class=\"\" alt=\"Sal\u00e3o com lareira\" srcset=\"https:\/\/pousadadompedro.com.br\/pousada\/wp-content\/uploads\/2012\/01\/018.jpg 450w, https:\/\/pousadadompedro.com.br\/pousada\/wp-content\/uploads\/2012\/01\/018-225x300.jpg 225w\" sizes=\"auto, (max-width: 450px) 100vw, 450px\" \/><\/a><\/div><\/div><div class=\"su-image-carousel-item\"><div class=\"su-image-carousel-item-content\"><a href=\"https:\/\/pousadadompedro.com.br\/pousada\/wp-content\/uploads\/2012\/01\/044_b.jpg\" target=\"_blank\" rel=\"noopener noreferrer\" data-caption=\"Sal\u00e3o com lareira\" data-rel=\"lightbox-image-9\" data-rl_title=\"\" data-rl_caption=\"\" title=\"\"><img loading=\"lazy\" decoding=\"async\" width=\"450\" height=\"600\" src=\"https:\/\/pousadadompedro.com.br\/pousada\/wp-content\/uploads\/2012\/01\/044_b.jpg\" class=\"\" alt=\"Sal\u00e3o com lareira\" srcset=\"https:\/\/pousadadompedro.com.br\/pousada\/wp-content\/uploads\/2012\/01\/044_b.jpg 450w, https:\/\/pousadadompedro.com.br\/pousada\/wp-content\/uploads\/2012\/01\/044_b-225x300.jpg 225w\" sizes=\"auto, (max-width: 450px) 100vw, 450px\" \/><\/a><\/div><\/div><div class=\"su-image-carousel-item\"><div class=\"su-image-carousel-item-content\"><a href=\"https:\/\/pousadadompedro.com.br\/pousada\/wp-content\/uploads\/2012\/01\/0292.jpg\" target=\"_blank\" rel=\"noopener noreferrer\" data-caption=\"Restaurante\" data-rel=\"lightbox-image-10\" data-rl_title=\"\" data-rl_caption=\"\" title=\"\"><img loading=\"lazy\" decoding=\"async\" width=\"600\" height=\"450\" src=\"https:\/\/pousadadompedro.com.br\/pousada\/wp-content\/uploads\/2012\/01\/0292.jpg\" class=\"\" alt=\"Restaurante\" srcset=\"https:\/\/pousadadompedro.com.br\/pousada\/wp-content\/uploads\/2012\/01\/0292.jpg 600w, https:\/\/pousadadompedro.com.br\/pousada\/wp-content\/uploads\/2012\/01\/0292-300x225.jpg 300w\" sizes=\"auto, (max-width: 600px) 100vw, 600px\" \/><\/a><\/div><\/div><div class=\"su-image-carousel-item\"><div class=\"su-image-carousel-item-content\"><a href=\"https:\/\/pousadadompedro.com.br\/pousada\/wp-content\/uploads\/2012\/01\/GOPR9149.jpg\" target=\"_blank\" rel=\"noopener noreferrer\" data-caption=\"Recep\u00e7\u00e3o\" data-rel=\"lightbox-image-11\" data-rl_title=\"\" data-rl_caption=\"\" title=\"\"><img loading=\"lazy\" decoding=\"async\" width=\"1024\" height=\"768\" src=\"https:\/\/pousadadompedro.com.br\/pousada\/wp-content\/uploads\/2012\/01\/GOPR9149-1024x768.jpg\" class=\"\" alt=\"Pousada Princesa Isabel Dom Pedro\" srcset=\"https:\/\/pousadadompedro.com.br\/pousada\/wp-content\/uploads\/2012\/01\/GOPR9149-1024x768.jpg 1024w, https:\/\/pousadadompedro.com.br\/pousada\/wp-content\/uploads\/2012\/01\/GOPR9149-300x225.jpg 300w, https:\/\/pousadadompedro.com.br\/pousada\/wp-content\/uploads\/2012\/01\/GOPR9149.jpg 1055w\" sizes=\"auto, (max-width: 1024px) 100vw, 1024px\" \/><\/a><\/div><\/div><div class=\"su-image-carousel-item\"><div class=\"su-image-carousel-item-content\"><a href=\"https:\/\/pousadadompedro.com.br\/pousada\/wp-content\/uploads\/2012\/01\/GOPR9150.jpg\" target=\"_blank\" rel=\"noopener noreferrer\" data-caption=\"Recep\u00e7\u00e3o\" data-rel=\"lightbox-image-12\" data-rl_title=\"\" data-rl_caption=\"\" title=\"\"><img loading=\"lazy\" decoding=\"async\" width=\"1024\" height=\"768\" src=\"https:\/\/pousadadompedro.com.br\/pousada\/wp-content\/uploads\/2012\/01\/GOPR9150-1024x768.jpg\" class=\"\" alt=\"Pousada Princesa Isabel Dom Pedro\" srcset=\"https:\/\/pousadadompedro.com.br\/pousada\/wp-content\/uploads\/2012\/01\/GOPR9150-1024x768.jpg 1024w, https:\/\/pousadadompedro.com.br\/pousada\/wp-content\/uploads\/2012\/01\/GOPR9150-300x225.jpg 300w, https:\/\/pousadadompedro.com.br\/pousada\/wp-content\/uploads\/2012\/01\/GOPR9150.jpg 1055w\" sizes=\"auto, (max-width: 1024px) 100vw, 1024px\" \/><\/a><\/div><\/div><div class=\"su-image-carousel-item\"><div class=\"su-image-carousel-item-content\"><a href=\"https:\/\/pousadadompedro.com.br\/pousada\/wp-content\/uploads\/2012\/01\/GOPR9587.jpg\" target=\"_blank\" rel=\"noopener noreferrer\" data-caption=\"P\u00e1tio Pousada\" data-rel=\"lightbox-image-13\" data-rl_title=\"\" data-rl_caption=\"\" title=\"\"><img loading=\"lazy\" decoding=\"async\" width=\"1024\" height=\"768\" src=\"https:\/\/pousadadompedro.com.br\/pousada\/wp-content\/uploads\/2012\/01\/GOPR9587-1024x768.jpg\" class=\"\" alt=\"Pousada Princesa Isabel Dom Pedro\" srcset=\"https:\/\/pousadadompedro.com.br\/pousada\/wp-content\/uploads\/2012\/01\/GOPR9587-1024x768.jpg 1024w, https:\/\/pousadadompedro.com.br\/pousada\/wp-content\/uploads\/2012\/01\/GOPR9587-300x225.jpg 300w, https:\/\/pousadadompedro.com.br\/pousada\/wp-content\/uploads\/2012\/01\/GOPR9587.jpg 1055w\" sizes=\"auto, (max-width: 1024px) 100vw, 1024px\" \/><\/a><\/div><\/div><div class=\"su-image-carousel-item\"><div class=\"su-image-carousel-item-content\"><a href=\"https:\/\/pousadadompedro.com.br\/pousada\/wp-content\/uploads\/2012\/01\/IMG_9876.jpg\" target=\"_blank\" rel=\"noopener noreferrer\" data-caption=\"Fachada\" data-rel=\"lightbox-image-14\" data-rl_title=\"\" data-rl_caption=\"\" title=\"\"><img loading=\"lazy\" decoding=\"async\" width=\"1024\" height=\"768\" src=\"https:\/\/pousadadompedro.com.br\/pousada\/wp-content\/uploads\/2012\/01\/IMG_9876-1024x768.jpg\" class=\"\" alt=\"Pousada em Petr\u00f3polis\" srcset=\"https:\/\/pousadadompedro.com.br\/pousada\/wp-content\/uploads\/2012\/01\/IMG_9876-1024x768.jpg 1024w, https:\/\/pousadadompedro.com.br\/pousada\/wp-content\/uploads\/2012\/01\/IMG_9876-300x225.jpg 300w, https:\/\/pousadadompedro.com.br\/pousada\/wp-content\/uploads\/2012\/01\/IMG_9876.jpg 1055w\" sizes=\"auto, (max-width: 1024px) 100vw, 1024px\" \/><\/a><\/div><\/div><div class=\"su-image-carousel-item\"><div class=\"su-image-carousel-item-content\"><a href=\"https:\/\/pousadadompedro.com.br\/pousada\/wp-content\/uploads\/2012\/01\/GOPR9043.jpg\" target=\"_blank\" rel=\"noopener noreferrer\" data-caption=\"Sal\u00e3o recep\u00e7\u00e3o\" data-rel=\"lightbox-image-15\" data-rl_title=\"\" data-rl_caption=\"\" title=\"\"><img loading=\"lazy\" decoding=\"async\" width=\"1024\" height=\"768\" src=\"https:\/\/pousadadompedro.com.br\/pousada\/wp-content\/uploads\/2012\/01\/GOPR9043-1024x768.jpg\" class=\"\" alt=\"Pousada Princesa Isabel Dom Pedro\" srcset=\"https:\/\/pousadadompedro.com.br\/pousada\/wp-content\/uploads\/2012\/01\/GOPR9043-1024x768.jpg 1024w, https:\/\/pousadadompedro.com.br\/pousada\/wp-content\/uploads\/2012\/01\/GOPR9043-300x225.jpg 300w, https:\/\/pousadadompedro.com.br\/pousada\/wp-content\/uploads\/2012\/01\/GOPR9043.jpg 1055w\" sizes=\"auto, (max-width: 1024px) 100vw, 1024px\" \/><\/a><\/div><\/div><div class=\"su-image-carousel-item\"><div class=\"su-image-carousel-item-content\"><a href=\"https:\/\/pousadadompedro.com.br\/pousada\/wp-content\/uploads\/2012\/01\/GOPR9047.jpg\" target=\"_blank\" rel=\"noopener noreferrer\" data-caption=\"Sal\u00e3o de Jogos\" data-rel=\"lightbox-image-16\" data-rl_title=\"\" data-rl_caption=\"\" title=\"\"><img loading=\"lazy\" decoding=\"async\" width=\"1024\" height=\"768\" src=\"https:\/\/pousadadompedro.com.br\/pousada\/wp-content\/uploads\/2012\/01\/GOPR9047-1024x768.jpg\" class=\"\" alt=\"Pousada Princesa Isabel Dom Pedro\" srcset=\"https:\/\/pousadadompedro.com.br\/pousada\/wp-content\/uploads\/2012\/01\/GOPR9047-1024x768.jpg 1024w, https:\/\/pousadadompedro.com.br\/pousada\/wp-content\/uploads\/2012\/01\/GOPR9047-300x225.jpg 300w, https:\/\/pousadadompedro.com.br\/pousada\/wp-content\/uploads\/2012\/01\/GOPR9047.jpg 1055w\" sizes=\"auto, (max-width: 1024px) 100vw, 1024px\" \/><\/a><\/div><\/div><div class=\"su-image-carousel-item\"><div class=\"su-image-carousel-item-content\"><a href=\"https:\/\/pousadadompedro.com.br\/pousada\/wp-content\/uploads\/2012\/01\/GOPR9050.jpg\" target=\"_blank\" rel=\"noopener noreferrer\" data-caption=\"Sal\u00e3o de Jogos\" data-rel=\"lightbox-image-17\" data-rl_title=\"\" data-rl_caption=\"\" title=\"\"><img loading=\"lazy\" decoding=\"async\" width=\"1024\" height=\"768\" src=\"https:\/\/pousadadompedro.com.br\/pousada\/wp-content\/uploads\/2012\/01\/GOPR9050-1024x768.jpg\" class=\"\" alt=\"Pousada Princesa Isabel Dom Pedro\" srcset=\"https:\/\/pousadadompedro.com.br\/pousada\/wp-content\/uploads\/2012\/01\/GOPR9050-1024x768.jpg 1024w, https:\/\/pousadadompedro.com.br\/pousada\/wp-content\/uploads\/2012\/01\/GOPR9050-300x225.jpg 300w, https:\/\/pousadadompedro.com.br\/pousada\/wp-content\/uploads\/2012\/01\/GOPR9050.jpg 1055w\" sizes=\"auto, (max-width: 1024px) 100vw, 1024px\" \/><\/a><\/div><\/div><div class=\"su-image-carousel-item\"><div class=\"su-image-carousel-item-content\"><a href=\"https:\/\/pousadadompedro.com.br\/pousada\/wp-content\/uploads\/2012\/01\/GOPR9058.jpg\" target=\"_blank\" rel=\"noopener noreferrer\" data-caption=\"Sal\u00e3o de Jogos\" data-rel=\"lightbox-image-18\" data-rl_title=\"\" data-rl_caption=\"\" title=\"\"><img loading=\"lazy\" decoding=\"async\" width=\"1024\" height=\"768\" src=\"https:\/\/pousadadompedro.com.br\/pousada\/wp-content\/uploads\/2012\/01\/GOPR9058-1024x768.jpg\" class=\"\" alt=\"Pousada Princesa Isabel Dom Pedro\" srcset=\"https:\/\/pousadadompedro.com.br\/pousada\/wp-content\/uploads\/2012\/01\/GOPR9058-1024x768.jpg 1024w, https:\/\/pousadadompedro.com.br\/pousada\/wp-content\/uploads\/2012\/01\/GOPR9058-300x225.jpg 300w, https:\/\/pousadadompedro.com.br\/pousada\/wp-content\/uploads\/2012\/01\/GOPR9058.jpg 1055w\" sizes=\"auto, (max-width: 1024px) 100vw, 1024px\" \/><\/a><\/div><\/div><div class=\"su-image-carousel-item\"><div class=\"su-image-carousel-item-content\"><a href=\"https:\/\/pousadadompedro.com.br\/pousada\/wp-content\/uploads\/2012\/01\/GOPR9068.jpg\" target=\"_blank\" rel=\"noopener noreferrer\" data-caption=\"Pousada Princesa Isabel\" data-rel=\"lightbox-image-19\" data-rl_title=\"\" data-rl_caption=\"\" title=\"\"><img loading=\"lazy\" decoding=\"async\" width=\"1024\" height=\"768\" src=\"https:\/\/pousadadompedro.com.br\/pousada\/wp-content\/uploads\/2012\/01\/GOPR9068-1024x768.jpg\" class=\"\" alt=\"Pousada Princesa Isabel Dom Pedro\" srcset=\"https:\/\/pousadadompedro.com.br\/pousada\/wp-content\/uploads\/2012\/01\/GOPR9068-1024x768.jpg 1024w, https:\/\/pousadadompedro.com.br\/pousada\/wp-content\/uploads\/2012\/01\/GOPR9068-300x225.jpg 300w, https:\/\/pousadadompedro.com.br\/pousada\/wp-content\/uploads\/2012\/01\/GOPR9068.jpg 1055w\" sizes=\"auto, (max-width: 1024px) 100vw, 1024px\" \/><\/a><\/div><\/div><div class=\"su-image-carousel-item\"><div class=\"su-image-carousel-item-content\"><a href=\"https:\/\/pousadadompedro.com.br\/pousada\/wp-content\/uploads\/2012\/01\/13945859.jpg\" target=\"_blank\" rel=\"noopener noreferrer\" data-caption=\"Caf\u00e9 da manh\u00e3\" data-rel=\"lightbox-image-20\" data-rl_title=\"\" data-rl_caption=\"\" title=\"\"><img loading=\"lazy\" decoding=\"async\" width=\"840\" height=\"460\" src=\"https:\/\/pousadadompedro.com.br\/pousada\/wp-content\/uploads\/2012\/01\/13945859.jpg\" class=\"\" alt=\"Caf\u00e9 da manh\u00e3 Pousada Princesa Isabel Dom Pedro\" srcset=\"https:\/\/pousadadompedro.com.br\/pousada\/wp-content\/uploads\/2012\/01\/13945859.jpg 840w, https:\/\/pousadadompedro.com.br\/pousada\/wp-content\/uploads\/2012\/01\/13945859-300x164.jpg 300w\" sizes=\"auto, (max-width: 840px) 100vw, 840px\" \/><\/a><\/div><\/div><div class=\"su-image-carousel-item\"><div class=\"su-image-carousel-item-content\"><a href=\"https:\/\/pousadadompedro.com.br\/pousada\/wp-content\/uploads\/2012\/01\/13945975-1.jpg\" target=\"_blank\" rel=\"noopener noreferrer\" data-caption=\"Caf\u00e9 da manh\u00e3\" data-rel=\"lightbox-image-21\" data-rl_title=\"\" data-rl_caption=\"\" title=\"\"><img loading=\"lazy\" decoding=\"async\" width=\"840\" height=\"460\" src=\"https:\/\/pousadadompedro.com.br\/pousada\/wp-content\/uploads\/2012\/01\/13945975-1.jpg\" class=\"\" alt=\"Pousada Princesa Isabel Dom Pedro\" srcset=\"https:\/\/pousadadompedro.com.br\/pousada\/wp-content\/uploads\/2012\/01\/13945975-1.jpg 840w, https:\/\/pousadadompedro.com.br\/pousada\/wp-content\/uploads\/2012\/01\/13945975-1-300x164.jpg 300w\" sizes=\"auto, (max-width: 840px) 100vw, 840px\" \/><\/a><\/div><\/div><\/div><script id=\"su_image_carousel_6a04a421b4ea5_script\">if(window.SUImageCarousel){setTimeout(function() {window.SUImageCarousel.initGallery(document.getElementById(\"su_image_carousel_6a04a421b4ea5\"))}, 0);}var su_image_carousel_6a04a421b4ea5_script=document.getElementById(\"su_image_carousel_6a04a421b4ea5_script\");if(su_image_carousel_6a04a421b4ea5_script){su_image_carousel_6a04a421b4ea5_script.parentNode.removeChild(su_image_carousel_6a04a421b4ea5_script);}<\/script>\n","protected":false},"excerpt":{"rendered":"<p>Avenida D. Pedro I, n\u00ba 152 &#8211; Centro &#8211; Petr\u00f3polis &#8211; RJ &#8211; Brazil Contatos: 55 \u00a0(24) \u00a02242.0049 \u00a0|\u00a02231.7169 \u00a0| \u00a0(24) 8817.9256 ( celular) Confira\u00a0nas\u00a0abas abaixo Mapa e dist\u00e2ncia a p\u00e9 entre a\u00a0pousada e as principais atra\u00e7\u00f5es tur\u00edsticas: Confira a dist\u00e2ncia a p\u00e9 das principais atra\u00e7\u00f5es do centro hist\u00f3rico de Petr\u00f3polis da Pousada Princesa Isabel &#8211; Dom Pedro: Pousada Princesa Isabel &#8211; Dom Pedro A Pousada Hotel Princesa \u00a0Isabel &#8211; Dom Pedro &#8211;\u00a0est\u00e1 localizada em Petr\u00f3polis, a poucos minutos das principais atra\u00e7\u00f5es tur\u00edsticas, em um dos mais tradicionais endere\u00e7os do Centro Hist\u00f3rico de Petr\u00f3polis: \u00e0 Avenida Dom Pedro I, numero&#8230; <\/p>\n","protected":false},"author":1,"featured_media":1024,"parent":37,"menu_order":3,"comment_status":"closed","ping_status":"closed","template":"","meta":{"footnotes":"","_links_to":"","_links_to_target":""},"class_list":["post-48","page","type-page","status-publish","has-post-thumbnail","hentry"],"_links":{"self":[{"href":"https:\/\/pousadadompedro.com.br\/pousada\/wp-json\/wp\/v2\/pages\/48","targetHints":{"allow":["GET"]}}],"collection":[{"href":"https:\/\/pousadadompedro.com.br\/pousada\/wp-json\/wp\/v2\/pages"}],"about":[{"href":"https:\/\/pousadadompedro.com.br\/pousada\/wp-json\/wp\/v2\/types\/page"}],"author":[{"embeddable":true,"href":"https:\/\/pousadadompedro.com.br\/pousada\/wp-json\/wp\/v2\/users\/1"}],"replies":[{"embeddable":true,"href":"https:\/\/pousadadompedro.com.br\/pousada\/wp-json\/wp\/v2\/comments?post=48"}],"version-history":[{"count":21,"href":"https:\/\/pousadadompedro.com.br\/pousada\/wp-json\/wp\/v2\/pages\/48\/revisions"}],"predecessor-version":[{"id":1351,"href":"https:\/\/pousadadompedro.com.br\/pousada\/wp-json\/wp\/v2\/pages\/48\/revisions\/1351"}],"up":[{"embeddable":true,"href":"https:\/\/pousadadompedro.com.br\/pousada\/wp-json\/wp\/v2\/pages\/37"}],"wp:featuredmedia":[{"embeddable":true,"href":"https:\/\/pousadadompedro.com.br\/pousada\/wp-json\/wp\/v2\/media\/1024"}],"wp:attachment":[{"href":"https:\/\/pousadadompedro.com.br\/pousada\/wp-json\/wp\/v2\/media?parent=48"}],"curies":[{"name":"wp","href":"https:\/\/api.w.org\/{rel}","templated":true}]}}