{"id":905,"date":"2015-08-24T16:34:22","date_gmt":"2015-08-24T19:34:22","guid":{"rendered":"https:\/\/pousadadompedro.com.br\/pousada\/?page_id=905"},"modified":"2017-06-06T14:39:46","modified_gmt":"2017-06-06T17:39:46","slug":"imperial","status":"publish","type":"page","link":"https:\/\/pousadadompedro.com.br\/pousada\/acomodacoes\/imperial\/","title":{"rendered":"Imperial"},"content":{"rendered":"<p>A\u00a0<strong>Acomoda\u00e7\u00e3o Imperial<\/strong> possui linda varanda privativa de frete para Avenida, onde tamb\u00e9m \u00e9 poss\u00edvel ver o Museu Imperial, Tv de LED com sinal a cabo, mesa de trabalho, frigobar, telefone, camas box, banheiro privativo e ar condicionado\/aquecedor, recebe um casal em cama Queen Size ou 2 solteiros<\/p>\n<hr \/>\n\r\n\t\t<style type='text\/css'>\r\n\t\t\t#gallery-1 {\r\n\t\t\t\tmargin: auto;\r\n\t\t\t}\r\n\t\t\t#gallery-1 .gallery-item {\r\n\t\t\t\tfloat: left;\r\n\t\t\t\tmargin-top: 10px;\r\n\t\t\t\ttext-align: center;\r\n\t\t\t\twidth: 33%;\r\n\t\t\t}\r\n\t\t\t#gallery-1 img {\r\n\t\t\t\tborder: 2px solid #cfcfcf;\r\n\t\t\t}\r\n\t\t\t#gallery-1 .gallery-caption {\r\n\t\t\t\tmargin-left: 0;\r\n\t\t\t}\r\n\t\t<\/style>\r\n\t\t<!-- see gallery_shortcode() in wp-includes\/media.php -->\n\t\t<div id='gallery-1' class='gallery galleryid-905 gallery-columns-3 gallery-size-thumbnail gallery1'><script type=\"text\/javascript\">\r\n\/\/ <![CDATA[\r\n\tjQuery(document).ready(function () {\r\n\t\tjQuery(\".gallery1 a\").attr(\"rel\",\"gallery1\");\t\r\n\t\tjQuery('a[rel=\"gallery1\"]').colorbox({maxWidth:\"95%\", maxHeight:\"95%\",title: function(){ return jQuery(this).children().attr(\"alt\"); }, });\r\n\t});\r\n\/\/ ]]>\r\n<\/script>\n<dl class=\"gallery-item\">\n<dt class=\"gallery-icon\">\r\n<a href=\"https:\/\/pousadadompedro.com.br\/pousada\/wp-content\/uploads\/2015\/08\/suite01.jpg\" title=\"\" rel=\"gallery1\" data-rel=\"lightbox-image-0\" data-rl_title=\"\" data-rl_caption=\"\"><img loading=\"lazy\" decoding=\"async\" src=\"https:\/\/pousadadompedro.com.br\/pousada\/wp-content\/uploads\/2015\/08\/suite01-150x150.jpg\" width=\"150\" height=\"150\" alt=\"Quarto Imperial\" \/><\/a>\r\n<\/dt><dd class=\"gallery-caption\" id=\"caption1064\"><span class=\"imagecaption\">Quarto Imperial<\/span><br \/>\n<span class=\"imagedescription\">Quarto Imperial<\/span><br \/>\n<\/dd><\/dl><dl class=\"gallery-item\">\n<dt class=\"gallery-icon\">\r\n<a href=\"https:\/\/pousadadompedro.com.br\/pousada\/wp-content\/uploads\/2015\/08\/suite02.jpg\" title=\"\" rel=\"gallery1\" data-rel=\"lightbox-image-1\" data-rl_title=\"\" data-rl_caption=\"\"><img loading=\"lazy\" decoding=\"async\" src=\"https:\/\/pousadadompedro.com.br\/pousada\/wp-content\/uploads\/2015\/08\/suite02-150x150.jpg\" width=\"150\" height=\"150\" alt=\"Varanda Quarto Imperial\" \/><\/a>\r\n<\/dt><dd class=\"gallery-caption\" id=\"caption1065\"><span class=\"imagecaption\">Varanda Quarto Imperial<\/span><br \/>\n<span class=\"imagedescription\">Varanda Quarto Imperial<\/span><br \/>\n<\/dd><\/dl><dl class=\"gallery-item\">\n<dt class=\"gallery-icon\">\r\n<a href=\"https:\/\/pousadadompedro.com.br\/pousada\/wp-content\/uploads\/2015\/08\/suite03.jpg\" title=\"\" rel=\"gallery1\" data-rel=\"lightbox-image-2\" data-rl_title=\"\" data-rl_caption=\"\"><img loading=\"lazy\" decoding=\"async\" src=\"https:\/\/pousadadompedro.com.br\/pousada\/wp-content\/uploads\/2015\/08\/suite03-150x150.jpg\" width=\"150\" height=\"150\" alt=\"Imperial\" \/><\/a>\r\n<\/dt><dd class=\"gallery-caption\" id=\"caption1066\"><span class=\"imagecaption\">Imperial<\/span><br \/>\n<span class=\"imagedescription\">Imperial<\/span><br \/>\n<\/dd><\/dl><br style=\"clear: both\" \/><dl class=\"gallery-item\">\n<dt class=\"gallery-icon\">\r\n<a href=\"https:\/\/pousadadompedro.com.br\/pousada\/wp-content\/uploads\/2015\/08\/suite04.jpg\" title=\"\" rel=\"gallery1\" data-rel=\"lightbox-image-3\" data-rl_title=\"\" data-rl_caption=\"\"><img loading=\"lazy\" decoding=\"async\" src=\"https:\/\/pousadadompedro.com.br\/pousada\/wp-content\/uploads\/2015\/08\/suite04-150x150.jpg\" width=\"150\" height=\"150\" alt=\"Imperial\" \/><\/a>\r\n<\/dt><dd class=\"gallery-caption\" id=\"caption1067\"><span class=\"imagecaption\">Imperial<\/span><br \/>\n<span class=\"imagedescription\">Imperial<\/span><br \/>\n<\/dd><\/dl>\r\n\t\t\t<br style='clear: both' \/>\r\n\t\t<\/div>\n\n","protected":false},"excerpt":{"rendered":"<p>A\u00a0Acomoda\u00e7\u00e3o Imperial possui linda varanda privativa de frete para Avenida, onde tamb\u00e9m \u00e9 poss\u00edvel ver o Museu Imperial, Tv de LED com sinal a cabo, mesa de trabalho, frigobar, telefone, camas box, banheiro privativo e ar condicionado\/aquecedor, recebe um casal em cama Queen Size ou 2 solteiros<\/p>\n","protected":false},"author":1,"featured_media":0,"parent":42,"menu_order":4,"comment_status":"closed","ping_status":"closed","template":"","meta":{"footnotes":"","_links_to":"","_links_to_target":""},"class_list":["post-905","page","type-page","status-publish","hentry"],"_links":{"self":[{"href":"https:\/\/pousadadompedro.com.br\/pousada\/wp-json\/wp\/v2\/pages\/905","targetHints":{"allow":["GET"]}}],"collection":[{"href":"https:\/\/pousadadompedro.com.br\/pousada\/wp-json\/wp\/v2\/pages"}],"about":[{"href":"https:\/\/pousadadompedro.com.br\/pousada\/wp-json\/wp\/v2\/types\/page"}],"author":[{"embeddable":true,"href":"https:\/\/pousadadompedro.com.br\/pousada\/wp-json\/wp\/v2\/users\/1"}],"replies":[{"embeddable":true,"href":"https:\/\/pousadadompedro.com.br\/pousada\/wp-json\/wp\/v2\/comments?post=905"}],"version-history":[{"count":4,"href":"https:\/\/pousadadompedro.com.br\/pousada\/wp-json\/wp\/v2\/pages\/905\/revisions"}],"predecessor-version":[{"id":1068,"href":"https:\/\/pousadadompedro.com.br\/pousada\/wp-json\/wp\/v2\/pages\/905\/revisions\/1068"}],"up":[{"embeddable":true,"href":"https:\/\/pousadadompedro.com.br\/pousada\/wp-json\/wp\/v2\/pages\/42"}],"wp:attachment":[{"href":"https:\/\/pousadadompedro.com.br\/pousada\/wp-json\/wp\/v2\/media?parent=905"}],"curies":[{"name":"wp","href":"https:\/\/api.w.org\/{rel}","templated":true}]}}