{"id":977,"date":"2015-08-24T19:38:38","date_gmt":"2015-08-24T22:38:38","guid":{"rendered":"https:\/\/pousadadompedro.com.br\/pousada\/?page_id=977"},"modified":"2020-12-16T12:24:31","modified_gmt":"2020-12-16T15:24:31","slug":"nossas-politicas","status":"publish","type":"page","link":"https:\/\/pousadadompedro.com.br\/pousada\/a-pousada\/nossas-politicas\/","title":{"rendered":"Nossas Politicas"},"content":{"rendered":"<p>Clique nas abas abaixo para conhecer a pol\u00edticas de reservas, cancelamentos e hor\u00e1rios na <strong>Pousada Princesa Isabel &#8211; Dom Pedro<\/strong>:<\/p>\n<div class=\"su-spoiler su-spoiler-style-fancy su-spoiler-icon-arrow su-spoiler-closed\" data-scroll-offset=\"0\" data-anchor-in-url=\"no\"><div class=\"su-spoiler-title\" tabindex=\"0\" role=\"button\"><span class=\"su-spoiler-icon\"><\/span>Hor\u00e1rios Check-in e Check-out<\/div><div class=\"su-spoiler-content su-u-clearfix su-u-trim\">\n<p>Horarios de Check-in e Check-Out:<br \/>\nCheck-In: 14h<br \/>\nCheck-Out: 12h<\/p>\n<\/div><\/div>\n<div class=\"su-spoiler su-spoiler-style-fancy su-spoiler-icon-arrow su-spoiler-closed\" data-scroll-offset=\"0\" data-anchor-in-url=\"no\"><div class=\"su-spoiler-title\" tabindex=\"0\" role=\"button\"><span class=\"su-spoiler-icon\"><\/span>Politica Cancelamento:<\/div><div class=\"su-spoiler-content su-u-clearfix su-u-trim\">\n<p>O cliente est\u00e1 ciente e de acordo com as normas de cancelamento da Pousada, abaixo descritas:<br \/>\n\u2013 Os cancelamentos dever\u00e3o ser realizados com anteced\u00eancia de no m\u00ednimo 7 dias corridos para que haja a possibilidade de reagendamento de reservas, e uso do cr\u00e9dito dispon\u00edvel. N\u00e3o ser\u00e3o estornadas quaisquer quantias.<br \/>\n\u2013 Cancelamentos com menos de 72 horas, n\u00e3o ser\u00e3o permitidos os reagendamentos futuros e uso de cr\u00e9dito, ou seja, o valor antecipado \u00e9 retido como garantia de NOSHOW.<br \/>\n\u2013 Caso a sa\u00edda seja antes da data programada no ato da reserva, ser\u00e1 cobrado o valor total das di\u00e1rias reservadas.<\/p>\n<\/div><\/div>\n<div class=\"su-spoiler su-spoiler-style-fancy su-spoiler-icon-arrow su-spoiler-closed\" data-scroll-offset=\"0\" data-anchor-in-url=\"no\"><div class=\"su-spoiler-title\" tabindex=\"0\" role=\"button\"><span class=\"su-spoiler-icon\"><\/span>Politica de Reservas:<\/div><div class=\"su-spoiler-content su-u-clearfix su-u-trim\">\n<p>Pol\u00edticas de Reservas:<br \/>\n&#8211; Para a efetiva\u00e7\u00e3o da Reserva \u00e9 necess\u00e1rio a realiza\u00e7\u00e3o do Dep\u00f3sito de 50% do valor das di\u00e1rias.<\/p>\n<p>&#8211; Ap\u00f3s a realiza\u00e7\u00e3o da pr\u00e9-reserva: o prazo para confirma\u00e7\u00e3o da reserva atrav\u00e9s de dep\u00f3sito banc\u00e1rio ou cart\u00e3o de cr\u00e9dito \u00e9 de no m\u00e1ximo 7 dias uteis, ap\u00f3s esse prazo ocorrer\u00e1 o cancelamento autom\u00e1tico da reserva no sistema.<br \/>\nPara evitar cancelamentos consulte seu prazo ao realizar sua pr\u00e9-reserva.<\/p>\n<\/div><\/div>\n<div class=\"su-note\"  style=\"border-color:#dddddd;border-radius:3px;-moz-border-radius:3px;-webkit-border-radius:3px;\"><div class=\"su-note-inner su-u-clearfix su-u-trim\" style=\"background-color:#f7f7f7;border-color:#ffffff;color:#333333;border-radius:3px;-moz-border-radius:3px;-webkit-border-radius:3px;\"> <\/p>\n<h2>Pousada Princesa Isabel &#8211; Dom Pedro<\/h2>\n<p style=\"text-align: justify;\">A <strong>Pousada Hotel Princesa \u00a0Isabel &#8211; Dom Pedro &#8211;\u00a0<\/strong>est\u00e1 localizada em Petr\u00f3polis, a poucos minutos das principais atra\u00e7\u00f5es tur\u00edsticas, em um dos mais tradicionais endere\u00e7os do Centro Hist\u00f3rico de Petr\u00f3polis: \u00e0 Avenida Dom Pedro I, numero 152 &#8211; Centro &#8211; Petr\u00f3polis &#8211; RJ.<\/p>\n<p style=\"text-align: justify;\">Nossas di\u00e1rias incluem apartamentos diferenciados, com frigobar, Tv de Led, al\u00e9m internet acesso wi-fi gratuito e dispon\u00edvel em toda a pousada, estacionamento privativo com manobrista para seu conforto, disponibilizando ainda aos nossos h\u00f3spedes piscina e delicioso caf\u00e9 da manh\u00e3 com produtos regionais, inclu\u00eddo na di\u00e1ria, servido pela manh\u00e3 no amplo restaurante da pousada.<\/p>\n<p>Conhe\u00e7a tamb\u00e9m em Petr\u00f3polis a\u00a0<a href=\"https:\/\/pousadaprincesaisabel.com.br\/pousada\/\" target=\"_blank\" rel=\"noopener\"><strong>Pousada Princesa Isabel &#8211; Visconde<\/strong> <\/a>e a <strong><a href=\"https:\/\/pousadaprincesaisabel.com.br\/ruateresa\/\" target=\"_blank\" rel=\"noopener\">Pousada Princesa Isabel &#8211; Rua Teresa<\/a><\/strong><\/p>\n<div class=\"su-image-carousel  su-image-carousel-has-spacing su-image-carousel-crop su-image-carousel-crop-4-3 su-image-carousel-has-lightbox su-image-carousel-has-outline su-image-carousel-adaptive su-image-carousel-slides-style-default su-image-carousel-controls-style-dark su-image-carousel-align-center\" style=\"\" data-flickity-options='{\"groupCells\":true,\"cellSelector\":\".su-image-carousel-item\",\"adaptiveHeight\":false,\"cellAlign\":\"left\",\"prevNextButtons\":true,\"pageDots\":true,\"autoPlay\":3000,\"imagesLoaded\":true,\"contain\":true,\"selectedAttraction\":0.025000000000000001387778780781445675529539585113525390625,\"friction\":0.2800000000000000266453525910037569701671600341796875}' id=\"su_image_carousel_6a04a444ee266\"><div class=\"su-image-carousel-item\"><div class=\"su-image-carousel-item-content\"><a href=\"https:\/\/pousadadompedro.com.br\/pousada\/wp-content\/uploads\/2012\/01\/023_b.jpg\" target=\"_blank\" rel=\"noopener noreferrer\" data-caption=\"Piscina\" data-rel=\"lightbox-image-0\" data-rl_title=\"\" data-rl_caption=\"\" title=\"\"><img loading=\"lazy\" decoding=\"async\" width=\"800\" height=\"600\" src=\"https:\/\/pousadadompedro.com.br\/pousada\/wp-content\/uploads\/2012\/01\/023_b.jpg\" class=\"\" alt=\"Piscina\" srcset=\"https:\/\/pousadadompedro.com.br\/pousada\/wp-content\/uploads\/2012\/01\/023_b.jpg 800w, https:\/\/pousadadompedro.com.br\/pousada\/wp-content\/uploads\/2012\/01\/023_b-300x225.jpg 300w\" sizes=\"auto, (max-width: 800px) 100vw, 800px\" \/><\/a><\/div><\/div><div class=\"su-image-carousel-item\"><div class=\"su-image-carousel-item-content\"><a href=\"https:\/\/pousadadompedro.com.br\/pousada\/wp-content\/uploads\/2012\/01\/020_b.jpg\" target=\"_blank\" rel=\"noopener noreferrer\" data-caption=\"Piscina\" data-rel=\"lightbox-image-1\" data-rl_title=\"\" data-rl_caption=\"\" title=\"\"><img loading=\"lazy\" decoding=\"async\" width=\"800\" height=\"600\" src=\"https:\/\/pousadadompedro.com.br\/pousada\/wp-content\/uploads\/2012\/01\/020_b.jpg\" class=\"\" alt=\"Piscina\" srcset=\"https:\/\/pousadadompedro.com.br\/pousada\/wp-content\/uploads\/2012\/01\/020_b.jpg 800w, https:\/\/pousadadompedro.com.br\/pousada\/wp-content\/uploads\/2012\/01\/020_b-300x225.jpg 300w\" sizes=\"auto, (max-width: 800px) 100vw, 800px\" \/><\/a><\/div><\/div><div class=\"su-image-carousel-item\"><div class=\"su-image-carousel-item-content\"><a href=\"https:\/\/pousadadompedro.com.br\/pousada\/wp-content\/uploads\/2012\/01\/030_b.jpg\" target=\"_blank\" rel=\"noopener noreferrer\" data-caption=\"Piscina\" data-rel=\"lightbox-image-2\" data-rl_title=\"\" data-rl_caption=\"\" title=\"\"><img loading=\"lazy\" decoding=\"async\" width=\"800\" height=\"600\" src=\"https:\/\/pousadadompedro.com.br\/pousada\/wp-content\/uploads\/2012\/01\/030_b.jpg\" class=\"\" alt=\"Piscina\" srcset=\"https:\/\/pousadadompedro.com.br\/pousada\/wp-content\/uploads\/2012\/01\/030_b.jpg 800w, https:\/\/pousadadompedro.com.br\/pousada\/wp-content\/uploads\/2012\/01\/030_b-300x225.jpg 300w\" sizes=\"auto, (max-width: 800px) 100vw, 800px\" \/><\/a><\/div><\/div><div class=\"su-image-carousel-item\"><div class=\"su-image-carousel-item-content\"><a href=\"https:\/\/pousadadompedro.com.br\/pousada\/wp-content\/uploads\/2012\/01\/GOPR9163.jpg\" target=\"_blank\" rel=\"noopener noreferrer\" data-caption=\"Piscina\" data-rel=\"lightbox-image-3\" data-rl_title=\"\" data-rl_caption=\"\" title=\"\"><img loading=\"lazy\" decoding=\"async\" width=\"1024\" height=\"768\" src=\"https:\/\/pousadadompedro.com.br\/pousada\/wp-content\/uploads\/2012\/01\/GOPR9163-1024x768.jpg\" class=\"\" alt=\"Pousada Princesa Isabel Dom Pedro\" srcset=\"https:\/\/pousadadompedro.com.br\/pousada\/wp-content\/uploads\/2012\/01\/GOPR9163-1024x768.jpg 1024w, https:\/\/pousadadompedro.com.br\/pousada\/wp-content\/uploads\/2012\/01\/GOPR9163-300x225.jpg 300w, https:\/\/pousadadompedro.com.br\/pousada\/wp-content\/uploads\/2012\/01\/GOPR9163.jpg 1055w\" sizes=\"auto, (max-width: 1024px) 100vw, 1024px\" \/><\/a><\/div><\/div><div class=\"su-image-carousel-item\"><div class=\"su-image-carousel-item-content\"><a href=\"https:\/\/pousadadompedro.com.br\/pousada\/wp-content\/uploads\/2012\/01\/030.jpg\" target=\"_blank\" rel=\"noopener noreferrer\" data-caption=\"Recep\u00e7\u00e3o e sala de estar\" data-rel=\"lightbox-image-4\" data-rl_title=\"\" data-rl_caption=\"\" title=\"\"><img loading=\"lazy\" decoding=\"async\" width=\"600\" height=\"450\" src=\"https:\/\/pousadadompedro.com.br\/pousada\/wp-content\/uploads\/2012\/01\/030.jpg\" class=\"\" alt=\"Recep\u00e7\u00e3o e sala de estar\" srcset=\"https:\/\/pousadadompedro.com.br\/pousada\/wp-content\/uploads\/2012\/01\/030.jpg 600w, https:\/\/pousadadompedro.com.br\/pousada\/wp-content\/uploads\/2012\/01\/030-300x225.jpg 300w\" sizes=\"auto, (max-width: 600px) 100vw, 600px\" \/><\/a><\/div><\/div><div class=\"su-image-carousel-item\"><div class=\"su-image-carousel-item-content\"><a href=\"https:\/\/pousadadompedro.com.br\/pousada\/wp-content\/uploads\/2012\/01\/015.jpg\" target=\"_blank\" rel=\"noopener noreferrer\" data-caption=\"Sal\u00e3o com lareira\" data-rel=\"lightbox-image-5\" data-rl_title=\"\" data-rl_caption=\"\" title=\"\"><img loading=\"lazy\" decoding=\"async\" width=\"450\" height=\"600\" src=\"https:\/\/pousadadompedro.com.br\/pousada\/wp-content\/uploads\/2012\/01\/015.jpg\" class=\"\" alt=\"Sal\u00e3o com lareira\" srcset=\"https:\/\/pousadadompedro.com.br\/pousada\/wp-content\/uploads\/2012\/01\/015.jpg 450w, https:\/\/pousadadompedro.com.br\/pousada\/wp-content\/uploads\/2012\/01\/015-225x300.jpg 225w\" sizes=\"auto, (max-width: 450px) 100vw, 450px\" \/><\/a><\/div><\/div><div class=\"su-image-carousel-item\"><div class=\"su-image-carousel-item-content\"><a href=\"https:\/\/pousadadompedro.com.br\/pousada\/wp-content\/uploads\/2012\/01\/016.jpg\" target=\"_blank\" rel=\"noopener noreferrer\" data-caption=\"Sal\u00e3o com lareira\" data-rel=\"lightbox-image-6\" data-rl_title=\"\" data-rl_caption=\"\" title=\"\"><img loading=\"lazy\" decoding=\"async\" width=\"450\" height=\"600\" src=\"https:\/\/pousadadompedro.com.br\/pousada\/wp-content\/uploads\/2012\/01\/016.jpg\" class=\"\" alt=\"Sal\u00e3o com lareira\" srcset=\"https:\/\/pousadadompedro.com.br\/pousada\/wp-content\/uploads\/2012\/01\/016.jpg 450w, https:\/\/pousadadompedro.com.br\/pousada\/wp-content\/uploads\/2012\/01\/016-225x300.jpg 225w\" sizes=\"auto, (max-width: 450px) 100vw, 450px\" \/><\/a><\/div><\/div><div class=\"su-image-carousel-item\"><div class=\"su-image-carousel-item-content\"><a href=\"https:\/\/pousadadompedro.com.br\/pousada\/wp-content\/uploads\/2012\/01\/017.jpg\" target=\"_blank\" rel=\"noopener noreferrer\" data-caption=\"Sal\u00e3o com lareira\" data-rel=\"lightbox-image-7\" data-rl_title=\"\" data-rl_caption=\"\" title=\"\"><img loading=\"lazy\" decoding=\"async\" width=\"450\" height=\"600\" src=\"https:\/\/pousadadompedro.com.br\/pousada\/wp-content\/uploads\/2012\/01\/017.jpg\" class=\"\" alt=\"Sal\u00e3o com lareira\" srcset=\"https:\/\/pousadadompedro.com.br\/pousada\/wp-content\/uploads\/2012\/01\/017.jpg 450w, https:\/\/pousadadompedro.com.br\/pousada\/wp-content\/uploads\/2012\/01\/017-225x300.jpg 225w\" sizes=\"auto, (max-width: 450px) 100vw, 450px\" \/><\/a><\/div><\/div><div class=\"su-image-carousel-item\"><div class=\"su-image-carousel-item-content\"><a href=\"https:\/\/pousadadompedro.com.br\/pousada\/wp-content\/uploads\/2012\/01\/018.jpg\" target=\"_blank\" rel=\"noopener noreferrer\" data-caption=\"Sal\u00e3o com lareira\" data-rel=\"lightbox-image-8\" data-rl_title=\"\" data-rl_caption=\"\" title=\"\"><img loading=\"lazy\" decoding=\"async\" width=\"450\" height=\"600\" src=\"https:\/\/pousadadompedro.com.br\/pousada\/wp-content\/uploads\/2012\/01\/018.jpg\" class=\"\" alt=\"Sal\u00e3o com lareira\" srcset=\"https:\/\/pousadadompedro.com.br\/pousada\/wp-content\/uploads\/2012\/01\/018.jpg 450w, https:\/\/pousadadompedro.com.br\/pousada\/wp-content\/uploads\/2012\/01\/018-225x300.jpg 225w\" sizes=\"auto, (max-width: 450px) 100vw, 450px\" \/><\/a><\/div><\/div><div class=\"su-image-carousel-item\"><div class=\"su-image-carousel-item-content\"><a href=\"https:\/\/pousadadompedro.com.br\/pousada\/wp-content\/uploads\/2012\/01\/044_b.jpg\" target=\"_blank\" rel=\"noopener noreferrer\" data-caption=\"Sal\u00e3o com lareira\" data-rel=\"lightbox-image-9\" data-rl_title=\"\" data-rl_caption=\"\" title=\"\"><img loading=\"lazy\" decoding=\"async\" width=\"450\" height=\"600\" src=\"https:\/\/pousadadompedro.com.br\/pousada\/wp-content\/uploads\/2012\/01\/044_b.jpg\" class=\"\" alt=\"Sal\u00e3o com lareira\" srcset=\"https:\/\/pousadadompedro.com.br\/pousada\/wp-content\/uploads\/2012\/01\/044_b.jpg 450w, https:\/\/pousadadompedro.com.br\/pousada\/wp-content\/uploads\/2012\/01\/044_b-225x300.jpg 225w\" sizes=\"auto, (max-width: 450px) 100vw, 450px\" \/><\/a><\/div><\/div><div class=\"su-image-carousel-item\"><div class=\"su-image-carousel-item-content\"><a href=\"https:\/\/pousadadompedro.com.br\/pousada\/wp-content\/uploads\/2012\/01\/0292.jpg\" target=\"_blank\" rel=\"noopener noreferrer\" data-caption=\"Restaurante\" data-rel=\"lightbox-image-10\" data-rl_title=\"\" data-rl_caption=\"\" title=\"\"><img loading=\"lazy\" decoding=\"async\" width=\"600\" height=\"450\" src=\"https:\/\/pousadadompedro.com.br\/pousada\/wp-content\/uploads\/2012\/01\/0292.jpg\" class=\"\" alt=\"Restaurante\" srcset=\"https:\/\/pousadadompedro.com.br\/pousada\/wp-content\/uploads\/2012\/01\/0292.jpg 600w, https:\/\/pousadadompedro.com.br\/pousada\/wp-content\/uploads\/2012\/01\/0292-300x225.jpg 300w\" sizes=\"auto, (max-width: 600px) 100vw, 600px\" \/><\/a><\/div><\/div><div class=\"su-image-carousel-item\"><div class=\"su-image-carousel-item-content\"><a href=\"https:\/\/pousadadompedro.com.br\/pousada\/wp-content\/uploads\/2012\/01\/GOPR9149.jpg\" target=\"_blank\" rel=\"noopener noreferrer\" data-caption=\"Recep\u00e7\u00e3o\" data-rel=\"lightbox-image-11\" data-rl_title=\"\" data-rl_caption=\"\" title=\"\"><img loading=\"lazy\" decoding=\"async\" width=\"1024\" height=\"768\" src=\"https:\/\/pousadadompedro.com.br\/pousada\/wp-content\/uploads\/2012\/01\/GOPR9149-1024x768.jpg\" class=\"\" alt=\"Pousada Princesa Isabel Dom Pedro\" srcset=\"https:\/\/pousadadompedro.com.br\/pousada\/wp-content\/uploads\/2012\/01\/GOPR9149-1024x768.jpg 1024w, https:\/\/pousadadompedro.com.br\/pousada\/wp-content\/uploads\/2012\/01\/GOPR9149-300x225.jpg 300w, https:\/\/pousadadompedro.com.br\/pousada\/wp-content\/uploads\/2012\/01\/GOPR9149.jpg 1055w\" sizes=\"auto, (max-width: 1024px) 100vw, 1024px\" \/><\/a><\/div><\/div><div class=\"su-image-carousel-item\"><div class=\"su-image-carousel-item-content\"><a href=\"https:\/\/pousadadompedro.com.br\/pousada\/wp-content\/uploads\/2012\/01\/GOPR9150.jpg\" target=\"_blank\" rel=\"noopener noreferrer\" data-caption=\"Recep\u00e7\u00e3o\" data-rel=\"lightbox-image-12\" data-rl_title=\"\" data-rl_caption=\"\" title=\"\"><img loading=\"lazy\" decoding=\"async\" width=\"1024\" height=\"768\" src=\"https:\/\/pousadadompedro.com.br\/pousada\/wp-content\/uploads\/2012\/01\/GOPR9150-1024x768.jpg\" class=\"\" alt=\"Pousada Princesa Isabel Dom Pedro\" srcset=\"https:\/\/pousadadompedro.com.br\/pousada\/wp-content\/uploads\/2012\/01\/GOPR9150-1024x768.jpg 1024w, https:\/\/pousadadompedro.com.br\/pousada\/wp-content\/uploads\/2012\/01\/GOPR9150-300x225.jpg 300w, https:\/\/pousadadompedro.com.br\/pousada\/wp-content\/uploads\/2012\/01\/GOPR9150.jpg 1055w\" sizes=\"auto, (max-width: 1024px) 100vw, 1024px\" \/><\/a><\/div><\/div><div class=\"su-image-carousel-item\"><div class=\"su-image-carousel-item-content\"><a href=\"https:\/\/pousadadompedro.com.br\/pousada\/wp-content\/uploads\/2012\/01\/GOPR9587.jpg\" target=\"_blank\" rel=\"noopener noreferrer\" data-caption=\"P\u00e1tio Pousada\" data-rel=\"lightbox-image-13\" data-rl_title=\"\" data-rl_caption=\"\" title=\"\"><img loading=\"lazy\" decoding=\"async\" width=\"1024\" height=\"768\" src=\"https:\/\/pousadadompedro.com.br\/pousada\/wp-content\/uploads\/2012\/01\/GOPR9587-1024x768.jpg\" class=\"\" alt=\"Pousada Princesa Isabel Dom Pedro\" srcset=\"https:\/\/pousadadompedro.com.br\/pousada\/wp-content\/uploads\/2012\/01\/GOPR9587-1024x768.jpg 1024w, https:\/\/pousadadompedro.com.br\/pousada\/wp-content\/uploads\/2012\/01\/GOPR9587-300x225.jpg 300w, https:\/\/pousadadompedro.com.br\/pousada\/wp-content\/uploads\/2012\/01\/GOPR9587.jpg 1055w\" sizes=\"auto, (max-width: 1024px) 100vw, 1024px\" \/><\/a><\/div><\/div><div class=\"su-image-carousel-item\"><div class=\"su-image-carousel-item-content\"><a href=\"https:\/\/pousadadompedro.com.br\/pousada\/wp-content\/uploads\/2012\/01\/IMG_9876.jpg\" target=\"_blank\" rel=\"noopener noreferrer\" data-caption=\"Fachada\" data-rel=\"lightbox-image-14\" data-rl_title=\"\" data-rl_caption=\"\" title=\"\"><img loading=\"lazy\" decoding=\"async\" width=\"1024\" height=\"768\" src=\"https:\/\/pousadadompedro.com.br\/pousada\/wp-content\/uploads\/2012\/01\/IMG_9876-1024x768.jpg\" class=\"\" alt=\"Pousada em Petr\u00f3polis\" srcset=\"https:\/\/pousadadompedro.com.br\/pousada\/wp-content\/uploads\/2012\/01\/IMG_9876-1024x768.jpg 1024w, https:\/\/pousadadompedro.com.br\/pousada\/wp-content\/uploads\/2012\/01\/IMG_9876-300x225.jpg 300w, https:\/\/pousadadompedro.com.br\/pousada\/wp-content\/uploads\/2012\/01\/IMG_9876.jpg 1055w\" sizes=\"auto, (max-width: 1024px) 100vw, 1024px\" \/><\/a><\/div><\/div><div class=\"su-image-carousel-item\"><div class=\"su-image-carousel-item-content\"><a href=\"https:\/\/pousadadompedro.com.br\/pousada\/wp-content\/uploads\/2012\/01\/GOPR9043.jpg\" target=\"_blank\" rel=\"noopener noreferrer\" data-caption=\"Sal\u00e3o recep\u00e7\u00e3o\" data-rel=\"lightbox-image-15\" data-rl_title=\"\" data-rl_caption=\"\" title=\"\"><img loading=\"lazy\" decoding=\"async\" width=\"1024\" height=\"768\" src=\"https:\/\/pousadadompedro.com.br\/pousada\/wp-content\/uploads\/2012\/01\/GOPR9043-1024x768.jpg\" class=\"\" alt=\"Pousada Princesa Isabel Dom Pedro\" srcset=\"https:\/\/pousadadompedro.com.br\/pousada\/wp-content\/uploads\/2012\/01\/GOPR9043-1024x768.jpg 1024w, https:\/\/pousadadompedro.com.br\/pousada\/wp-content\/uploads\/2012\/01\/GOPR9043-300x225.jpg 300w, https:\/\/pousadadompedro.com.br\/pousada\/wp-content\/uploads\/2012\/01\/GOPR9043.jpg 1055w\" sizes=\"auto, (max-width: 1024px) 100vw, 1024px\" \/><\/a><\/div><\/div><div class=\"su-image-carousel-item\"><div class=\"su-image-carousel-item-content\"><a href=\"https:\/\/pousadadompedro.com.br\/pousada\/wp-content\/uploads\/2012\/01\/GOPR9047.jpg\" target=\"_blank\" rel=\"noopener noreferrer\" data-caption=\"Sal\u00e3o de Jogos\" data-rel=\"lightbox-image-16\" data-rl_title=\"\" data-rl_caption=\"\" title=\"\"><img loading=\"lazy\" decoding=\"async\" width=\"1024\" height=\"768\" src=\"https:\/\/pousadadompedro.com.br\/pousada\/wp-content\/uploads\/2012\/01\/GOPR9047-1024x768.jpg\" class=\"\" alt=\"Pousada Princesa Isabel Dom Pedro\" srcset=\"https:\/\/pousadadompedro.com.br\/pousada\/wp-content\/uploads\/2012\/01\/GOPR9047-1024x768.jpg 1024w, https:\/\/pousadadompedro.com.br\/pousada\/wp-content\/uploads\/2012\/01\/GOPR9047-300x225.jpg 300w, https:\/\/pousadadompedro.com.br\/pousada\/wp-content\/uploads\/2012\/01\/GOPR9047.jpg 1055w\" sizes=\"auto, (max-width: 1024px) 100vw, 1024px\" \/><\/a><\/div><\/div><div class=\"su-image-carousel-item\"><div class=\"su-image-carousel-item-content\"><a href=\"https:\/\/pousadadompedro.com.br\/pousada\/wp-content\/uploads\/2012\/01\/GOPR9050.jpg\" target=\"_blank\" rel=\"noopener noreferrer\" data-caption=\"Sal\u00e3o de Jogos\" data-rel=\"lightbox-image-17\" data-rl_title=\"\" data-rl_caption=\"\" title=\"\"><img loading=\"lazy\" decoding=\"async\" width=\"1024\" height=\"768\" src=\"https:\/\/pousadadompedro.com.br\/pousada\/wp-content\/uploads\/2012\/01\/GOPR9050-1024x768.jpg\" class=\"\" alt=\"Pousada Princesa Isabel Dom Pedro\" srcset=\"https:\/\/pousadadompedro.com.br\/pousada\/wp-content\/uploads\/2012\/01\/GOPR9050-1024x768.jpg 1024w, https:\/\/pousadadompedro.com.br\/pousada\/wp-content\/uploads\/2012\/01\/GOPR9050-300x225.jpg 300w, https:\/\/pousadadompedro.com.br\/pousada\/wp-content\/uploads\/2012\/01\/GOPR9050.jpg 1055w\" sizes=\"auto, (max-width: 1024px) 100vw, 1024px\" \/><\/a><\/div><\/div><div class=\"su-image-carousel-item\"><div class=\"su-image-carousel-item-content\"><a href=\"https:\/\/pousadadompedro.com.br\/pousada\/wp-content\/uploads\/2012\/01\/GOPR9058.jpg\" target=\"_blank\" rel=\"noopener noreferrer\" data-caption=\"Sal\u00e3o de Jogos\" data-rel=\"lightbox-image-18\" data-rl_title=\"\" data-rl_caption=\"\" title=\"\"><img loading=\"lazy\" decoding=\"async\" width=\"1024\" height=\"768\" src=\"https:\/\/pousadadompedro.com.br\/pousada\/wp-content\/uploads\/2012\/01\/GOPR9058-1024x768.jpg\" class=\"\" alt=\"Pousada Princesa Isabel Dom Pedro\" srcset=\"https:\/\/pousadadompedro.com.br\/pousada\/wp-content\/uploads\/2012\/01\/GOPR9058-1024x768.jpg 1024w, https:\/\/pousadadompedro.com.br\/pousada\/wp-content\/uploads\/2012\/01\/GOPR9058-300x225.jpg 300w, https:\/\/pousadadompedro.com.br\/pousada\/wp-content\/uploads\/2012\/01\/GOPR9058.jpg 1055w\" sizes=\"auto, (max-width: 1024px) 100vw, 1024px\" \/><\/a><\/div><\/div><div class=\"su-image-carousel-item\"><div class=\"su-image-carousel-item-content\"><a href=\"https:\/\/pousadadompedro.com.br\/pousada\/wp-content\/uploads\/2012\/01\/GOPR9068.jpg\" target=\"_blank\" rel=\"noopener noreferrer\" data-caption=\"Pousada Princesa Isabel\" data-rel=\"lightbox-image-19\" data-rl_title=\"\" data-rl_caption=\"\" title=\"\"><img loading=\"lazy\" decoding=\"async\" width=\"1024\" height=\"768\" src=\"https:\/\/pousadadompedro.com.br\/pousada\/wp-content\/uploads\/2012\/01\/GOPR9068-1024x768.jpg\" class=\"\" alt=\"Pousada Princesa Isabel Dom Pedro\" srcset=\"https:\/\/pousadadompedro.com.br\/pousada\/wp-content\/uploads\/2012\/01\/GOPR9068-1024x768.jpg 1024w, https:\/\/pousadadompedro.com.br\/pousada\/wp-content\/uploads\/2012\/01\/GOPR9068-300x225.jpg 300w, https:\/\/pousadadompedro.com.br\/pousada\/wp-content\/uploads\/2012\/01\/GOPR9068.jpg 1055w\" sizes=\"auto, (max-width: 1024px) 100vw, 1024px\" \/><\/a><\/div><\/div><div class=\"su-image-carousel-item\"><div class=\"su-image-carousel-item-content\"><a href=\"https:\/\/pousadadompedro.com.br\/pousada\/wp-content\/uploads\/2012\/01\/13945859.jpg\" target=\"_blank\" rel=\"noopener noreferrer\" data-caption=\"Caf\u00e9 da manh\u00e3\" data-rel=\"lightbox-image-20\" data-rl_title=\"\" data-rl_caption=\"\" title=\"\"><img loading=\"lazy\" decoding=\"async\" width=\"840\" height=\"460\" src=\"https:\/\/pousadadompedro.com.br\/pousada\/wp-content\/uploads\/2012\/01\/13945859.jpg\" class=\"\" alt=\"Caf\u00e9 da manh\u00e3 Pousada Princesa Isabel Dom Pedro\" srcset=\"https:\/\/pousadadompedro.com.br\/pousada\/wp-content\/uploads\/2012\/01\/13945859.jpg 840w, https:\/\/pousadadompedro.com.br\/pousada\/wp-content\/uploads\/2012\/01\/13945859-300x164.jpg 300w\" sizes=\"auto, (max-width: 840px) 100vw, 840px\" \/><\/a><\/div><\/div><div class=\"su-image-carousel-item\"><div class=\"su-image-carousel-item-content\"><a href=\"https:\/\/pousadadompedro.com.br\/pousada\/wp-content\/uploads\/2012\/01\/13945975-1.jpg\" target=\"_blank\" rel=\"noopener noreferrer\" data-caption=\"Caf\u00e9 da manh\u00e3\" data-rel=\"lightbox-image-21\" data-rl_title=\"\" data-rl_caption=\"\" title=\"\"><img loading=\"lazy\" decoding=\"async\" width=\"840\" height=\"460\" src=\"https:\/\/pousadadompedro.com.br\/pousada\/wp-content\/uploads\/2012\/01\/13945975-1.jpg\" class=\"\" alt=\"Pousada Princesa Isabel Dom Pedro\" srcset=\"https:\/\/pousadadompedro.com.br\/pousada\/wp-content\/uploads\/2012\/01\/13945975-1.jpg 840w, https:\/\/pousadadompedro.com.br\/pousada\/wp-content\/uploads\/2012\/01\/13945975-1-300x164.jpg 300w\" sizes=\"auto, (max-width: 840px) 100vw, 840px\" \/><\/a><\/div><\/div><\/div><script id=\"su_image_carousel_6a04a444ee266_script\">if(window.SUImageCarousel){setTimeout(function() {window.SUImageCarousel.initGallery(document.getElementById(\"su_image_carousel_6a04a444ee266\"))}, 0);}var su_image_carousel_6a04a444ee266_script=document.getElementById(\"su_image_carousel_6a04a444ee266_script\");if(su_image_carousel_6a04a444ee266_script){su_image_carousel_6a04a444ee266_script.parentNode.removeChild(su_image_carousel_6a04a444ee266_script);}<\/script>\n<\/div><\/div>\n","protected":false},"excerpt":{"rendered":"<p>Clique nas abas abaixo para conhecer a pol\u00edticas de reservas, cancelamentos e hor\u00e1rios na Pousada Princesa Isabel &#8211; Dom Pedro:<\/p>\n","protected":false},"author":1,"featured_media":0,"parent":37,"menu_order":7,"comment_status":"closed","ping_status":"closed","template":"","meta":{"footnotes":"","_links_to":"","_links_to_target":""},"class_list":["post-977","page","type-page","status-publish","hentry"],"_links":{"self":[{"href":"https:\/\/pousadadompedro.com.br\/pousada\/wp-json\/wp\/v2\/pages\/977","targetHints":{"allow":["GET"]}}],"collection":[{"href":"https:\/\/pousadadompedro.com.br\/pousada\/wp-json\/wp\/v2\/pages"}],"about":[{"href":"https:\/\/pousadadompedro.com.br\/pousada\/wp-json\/wp\/v2\/types\/page"}],"author":[{"embeddable":true,"href":"https:\/\/pousadadompedro.com.br\/pousada\/wp-json\/wp\/v2\/users\/1"}],"replies":[{"embeddable":true,"href":"https:\/\/pousadadompedro.com.br\/pousada\/wp-json\/wp\/v2\/comments?post=977"}],"version-history":[{"count":12,"href":"https:\/\/pousadadompedro.com.br\/pousada\/wp-json\/wp\/v2\/pages\/977\/revisions"}],"predecessor-version":[{"id":1353,"href":"https:\/\/pousadadompedro.com.br\/pousada\/wp-json\/wp\/v2\/pages\/977\/revisions\/1353"}],"up":[{"embeddable":true,"href":"https:\/\/pousadadompedro.com.br\/pousada\/wp-json\/wp\/v2\/pages\/37"}],"wp:attachment":[{"href":"https:\/\/pousadadompedro.com.br\/pousada\/wp-json\/wp\/v2\/media?parent=977"}],"curies":[{"name":"wp","href":"https:\/\/api.w.org\/{rel}","templated":true}]}}